{"id":9566,"date":"2025-07-03T22:04:33","date_gmt":"2025-07-03T20:04:33","guid":{"rendered":"https:\/\/pol-pat.pl\/?page_id=9566"},"modified":"2025-07-03T22:04:34","modified_gmt":"2025-07-03T20:04:34","slug":"kontakt-2","status":"publish","type":"page","link":"https:\/\/pol-pat.pl\/index.php\/kontakt-2\/","title":{"rendered":"Kontakt"},"content":{"rendered":"\n<p><strong>Sekretarz Polskiego Towarzystwa Patolog\u00f3w dr n. med. Piotr Wi\u015bniewski<\/strong><\/p>\n\n\n\n<p>Zak\u0142ad Patomorfologii&nbsp; Wojskowego Instytutu Medycznego<\/p>\n\n\n\n<p>Adres: Szaser\u00f3w 128, 04-141 Warszawa<\/p>\n\n\n\n<p>Email: <a href=\"mailto:pjozef@wim.mil.pl\">pjozef@wim.mil.pl<\/a> <\/p>\n\n\n\n<p>Tel 261 816\u00a0645<\/p>\n","protected":false},"excerpt":{"rendered":"<p>Sekretarz Polskiego Towarzystwa Patolog\u00f3w dr n. med. Piotr Wi\u015bniewski Zak\u0142ad Patomorfologii&nbsp; Wojskowego Instytutu Medycznego Adres: Szaser\u00f3w 128, 04-141 Warszawa Email:<\/p>\n","protected":false},"author":1,"featured_media":0,"parent":0,"menu_order":0,"comment_status":"closed","ping_status":"closed","template":"","meta":{"footnotes":"","_links_to":"","_links_to_target":""},"class_list":["post-9566","page","type-page","status-publish","hentry"],"post_mailing_queue_ids":[],"_links":{"self":[{"href":"https:\/\/pol-pat.pl\/index.php\/wp-json\/wp\/v2\/pages\/9566","targetHints":{"allow":["GET"]}}],"collection":[{"href":"https:\/\/pol-pat.pl\/index.php\/wp-json\/wp\/v2\/pages"}],"about":[{"href":"https:\/\/pol-pat.pl\/index.php\/wp-json\/wp\/v2\/types\/page"}],"author":[{"embeddable":true,"href":"https:\/\/pol-pat.pl\/index.php\/wp-json\/wp\/v2\/users\/1"}],"replies":[{"embeddable":true,"href":"https:\/\/pol-pat.pl\/index.php\/wp-json\/wp\/v2\/comments?post=9566"}],"version-history":[{"count":2,"href":"https:\/\/pol-pat.pl\/index.php\/wp-json\/wp\/v2\/pages\/9566\/revisions"}],"predecessor-version":[{"id":9568,"href":"https:\/\/pol-pat.pl\/index.php\/wp-json\/wp\/v2\/pages\/9566\/revisions\/9568"}],"wp:attachment":[{"href":"https:\/\/pol-pat.pl\/index.php\/wp-json\/wp\/v2\/media?parent=9566"}],"curies":[{"name":"wp","href":"https:\/\/api.w.org\/{rel}","templated":true}]}}