{"id":9248,"date":"2025-05-25T22:28:21","date_gmt":"2025-05-25T20:28:21","guid":{"rendered":"https:\/\/pol-pat.pl\/?page_id=9248"},"modified":"2026-02-10T20:04:56","modified_gmt":"2026-02-10T19:04:56","slug":"wydarzenia-sekcji-histotechnologow-i-histotechnikow","status":"publish","type":"page","link":"https:\/\/pol-pat.pl\/index.php\/wydarzenia-sekcji-histotechnologow-i-histotechnikow\/","title":{"rendered":"Wydarzenia Sekcji Histotechnolog\u00f3w i Histotechnik\u00f3w"},"content":{"rendered":"\n<p>Szanowni Pa\u0144stwo!<img loading=\"lazy\" decoding=\"async\" class=\"wp-image-10253 alignright\" src=\"https:\/\/pol-pat.pl\/wp-content\/uploads\/2026\/01\/LOGO_histo-300x288.jpg\" alt=\"\" width=\"158\" height=\"152\" srcset=\"https:\/\/pol-pat.pl\/wp-content\/uploads\/2026\/01\/LOGO_histo-300x288.jpg 300w, https:\/\/pol-pat.pl\/wp-content\/uploads\/2026\/01\/LOGO_histo-1024x983.jpg 1024w, https:\/\/pol-pat.pl\/wp-content\/uploads\/2026\/01\/LOGO_histo-768x737.jpg 768w, https:\/\/pol-pat.pl\/wp-content\/uploads\/2026\/01\/LOGO_histo-1536x1475.jpg 1536w, https:\/\/pol-pat.pl\/wp-content\/uploads\/2026\/01\/LOGO_histo-2048x1966.jpg 2048w\" sizes=\"auto, (max-width: 158px) 100vw, 158px\" \/><\/p>\n\n\n\n<p>Polskie Towarzystwo Patolog\u00f3w Oddzia\u0142 w Krakowie wsp\u00f3lnie z Sekcj\u0105 Histotechnik\u00f3w i Histotechnolog\u00f3w PTPat zaprasza na cykl spotka\u0144 naukowo- szkoleniowych z zakresu dobrych praktyk technicznego opracowania materia\u0142u histopatologicznego dla pracownik\u00f3w zajmuj\u0105cych si\u0119 technicznym opracowaniem materia\u0142u histopatologicznego.<\/p>\n\n\n\n<p>Spotkania prowadzone s\u0105 przez zaproszonych Go\u015bci lub pracownik\u00f3w Zak\u0142adu Patomorfologii Szpitala Uniwersyteckiego w Krakowie, b\u0119d\u0105 odbywa\u0107 si\u0119 hybrydowo: stacjonarnie w sali seminaryjnej Zak\u0142adu Patomorfologii w Nowej Siedzibie Szpitala Uniwersyteckiego ul. Jakubowskiego 2 oraz &nbsp;zdalnie na platformie zoom, o godz. 14.00 wed\u0142ug poni\u017cszego harmonogramu.<\/p>\n\n\n\n<p>Dla os\u00f3b bior\u0105cych udzia\u0142 zdalnie link do rejestracji:<\/p>\n\n\n\n<p><a href=\"https:\/\/us02web.zoom.us\/meeting\/register\/HIqQ4fX9RJ-_EP8Cuhnrlw\">https:\/\/us02web.zoom.us\/meeting\/register\/HIqQ4fX9RJ-_EP8Cuhnrlw<\/a><\/p>\n\n\n\n<p>Udzia\u0142 w posiedzeniach jest bezp\u0142atny.<\/p>\n\n\n\n<p>Za udzia\u0142&nbsp; w posiedzeniach b\u0119dzie mo\u017cna uzyska\u0107 certyfikat.<\/p>\n\n\n\n<figure class=\"wp-block-table\"><table class=\"has-fixed-layout\"><tbody><tr><td colspan=\"3\">HARMONOGRAM POSIEDZE\u0143 NAUKOWO SZKOLENIOWYCH NA TEMAT ASPEKT\u00d3W TECHNICZNYCH OPRACOWANIA MATERIA\u0141U HISTOPATOLOGICZNEGO PTPat<\/td><\/tr><tr><td>21.01.2026<\/td><td>Techniczne aspekty przygotowania preparat\u00f3w do bada\u0144 immunohistochemicznych \u2013 od utrwalenia do barwienia<\/td><td>mgr Weronika Natkaniec<\/td><\/tr><tr><td>25.02.2026<\/td><td>Walidacja oznacze\u0144 immunohistochemicznych od teorii do praktyki cz.1<\/td><td>dr hab.&nbsp;Magdalena Bodnar, prof. UMK<\/td><\/tr><tr><td>18.03.2026<\/td><td>Walidacja oznacze\u0144 immunohistochemicznych od teorii do praktyki cz.2<\/td><td>dr hab.&nbsp;Magdalena Bodnar, prof. UMK<\/td><\/tr><tr><td>15.04.2026<\/td><td>Podw\u00f3jne barwienia immunohistochemiczne<\/td><td>dr hab.&nbsp;Magdalena Bodnar, prof. UMK<\/td><\/tr><tr><td>20.05.2026<\/td><td>Kontrola jako\u015bci w immunohistochemii \u2013 procedury wewn\u0119trzne, audyty i ocena zewwn\u0119trzna<\/td><td>dr n. med. Agnieszka Klimkowska<\/td><\/tr><tr><td>17.06.2026<\/td><td>Badanie \u015br\u00f3doperacyjne w 20 minut \u2013 jak to zrobi\u0107?<\/td><td>dr n. med Justyna Dur\u015blewicz<\/td><\/tr><tr><td>16.09.2026<\/td><td>Jak si\u0119 przygotowa\u0107 do akredytacji \u2013 do\u015bwiadczenia w\u0142asne<\/td><td>mgr Karolina Karczmarz<\/td><\/tr><tr><td>21.10.2026<\/td><td>Jak si\u0119 przygotowa\u0107 do akredytacji \u2013 do\u015bwiadczenia w\u0142asne<\/td><td>dr n. med. Agnieszka Klimkowska<\/td><\/tr><tr><td>18.11.2026<\/td><td>Problemy techniczne w procesie cyfryzacji<\/td><td>dr n. med Justyna Dur\u015blewicz<\/td><\/tr><tr><td>16.12.2026<\/td><td>Patomorfologia dla histotechnik\u00f3w\/ histotechnolog\u00f3w \u2013 rak p\u0142uca<\/td><td>prof. dr hab. Renata Langfort<\/td><\/tr><\/tbody><\/table><\/figure>\n","protected":false},"excerpt":{"rendered":"<p>Szanowni Pa\u0144stwo! Polskie Towarzystwo Patolog\u00f3w Oddzia\u0142 w Krakowie wsp\u00f3lnie z Sekcj\u0105 Histotechnik\u00f3w i Histotechnolog\u00f3w PTPat zaprasza na cykl spotka\u0144 naukowo-<\/p>\n","protected":false},"author":1,"featured_media":0,"parent":0,"menu_order":0,"comment_status":"closed","ping_status":"closed","template":"","meta":{"footnotes":"","_links_to":"","_links_to_target":""},"class_list":["post-9248","page","type-page","status-publish","hentry"],"post_mailing_queue_ids":[],"_links":{"self":[{"href":"https:\/\/pol-pat.pl\/index.php\/wp-json\/wp\/v2\/pages\/9248","targetHints":{"allow":["GET"]}}],"collection":[{"href":"https:\/\/pol-pat.pl\/index.php\/wp-json\/wp\/v2\/pages"}],"about":[{"href":"https:\/\/pol-pat.pl\/index.php\/wp-json\/wp\/v2\/types\/page"}],"author":[{"embeddable":true,"href":"https:\/\/pol-pat.pl\/index.php\/wp-json\/wp\/v2\/users\/1"}],"replies":[{"embeddable":true,"href":"https:\/\/pol-pat.pl\/index.php\/wp-json\/wp\/v2\/comments?post=9248"}],"version-history":[{"count":4,"href":"https:\/\/pol-pat.pl\/index.php\/wp-json\/wp\/v2\/pages\/9248\/revisions"}],"predecessor-version":[{"id":10365,"href":"https:\/\/pol-pat.pl\/index.php\/wp-json\/wp\/v2\/pages\/9248\/revisions\/10365"}],"wp:attachment":[{"href":"https:\/\/pol-pat.pl\/index.php\/wp-json\/wp\/v2\/media?parent=9248"}],"curies":[{"name":"wp","href":"https:\/\/api.w.org\/{rel}","templated":true}]}}