{"id":182,"date":"2016-08-25T23:29:29","date_gmt":"2016-08-25T21:29:29","guid":{"rendered":"http:\/\/radzimy.webd.pl\/?page_id=182"},"modified":"2025-10-26T19:45:19","modified_gmt":"2025-10-26T18:45:19","slug":"warszawski","status":"publish","type":"page","link":"https:\/\/pol-pat.pl\/index.php\/oddzialy\/warszawski\/","title":{"rendered":"Warszawski"},"content":{"rendered":"<h5><strong>ZARZ\u0104D ODDZIA\u0141U WARSZAWSKIEGO W KADENCJI 2025-2028<\/strong><\/h5>\n<p><strong>PRZEWODNICZ\u0104CY:<\/strong> dr n. med. Wojciech Olszewski<\/p>\n<p>ZAST\u0118PCA PRZEWODNICZ\u0104CEGO: dr n. med. Janusz Patera<\/p>\n<p>SEKRETARZ: dr hab. n med. Sylwia Szyma\u0144ska<\/p>\n<p>SKARBNIK: dr n. med. \u0141ukasz Fus<\/p>\n<p>Cz\u0142onek: dr hab. n. med. \u0141ukasz Koperski<\/p>\n<p><strong>KOMISJA REWIZYJNA:<\/strong><\/p>\n<p>PRZEWODNICZ\u0104CY:<\/p>\n<p>SEKRETARZ:<\/p>\n<p>CZ\u0141ONEK:<\/p>\n<p><strong>Siedziba Zarz\u0105du:<\/strong><\/p>\n<p>Zak\u0142ad Patomorfologii Nowotwor\u00f3w,<\/p>\n<p>Narodowy Instytut Onkologii im. Marii Sk\u0142odowskiej-Curie &#8211;<\/p>\n<p>Pa\u0144stwowy Instytut Badawczy,<\/p>\n<p>ul. W.K. Roentgena 5,<\/p>\n<p>02-781 Warszawa<\/p>\n<p>tel: (22) 546 3036<\/p>\n<p>email:\u00a0<a href=\"mailto:warszawski@pol-pat.pl\">warszawski@pol-pat.pl<\/a><\/p>\n","protected":false},"excerpt":{"rendered":"<p>ZARZ\u0104D ODDZIA\u0141U WARSZAWSKIEGO W KADENCJI 2025-2028 PRZEWODNICZ\u0104CY: dr n. med. Wojciech Olszewski ZAST\u0118PCA PRZEWODNICZ\u0104CEGO: dr n. med. Janusz Patera SEKRETARZ:<\/p>\n","protected":false},"author":2,"featured_media":0,"parent":93,"menu_order":0,"comment_status":"closed","ping_status":"closed","template":"","meta":{"footnotes":"","_links_to":"","_links_to_target":""},"class_list":["post-182","page","type-page","status-publish","hentry"],"post_mailing_queue_ids":[],"_links":{"self":[{"href":"https:\/\/pol-pat.pl\/index.php\/wp-json\/wp\/v2\/pages\/182","targetHints":{"allow":["GET"]}}],"collection":[{"href":"https:\/\/pol-pat.pl\/index.php\/wp-json\/wp\/v2\/pages"}],"about":[{"href":"https:\/\/pol-pat.pl\/index.php\/wp-json\/wp\/v2\/types\/page"}],"author":[{"embeddable":true,"href":"https:\/\/pol-pat.pl\/index.php\/wp-json\/wp\/v2\/users\/2"}],"replies":[{"embeddable":true,"href":"https:\/\/pol-pat.pl\/index.php\/wp-json\/wp\/v2\/comments?post=182"}],"version-history":[{"count":2,"href":"https:\/\/pol-pat.pl\/index.php\/wp-json\/wp\/v2\/pages\/182\/revisions"}],"predecessor-version":[{"id":10018,"href":"https:\/\/pol-pat.pl\/index.php\/wp-json\/wp\/v2\/pages\/182\/revisions\/10018"}],"up":[{"embeddable":true,"href":"https:\/\/pol-pat.pl\/index.php\/wp-json\/wp\/v2\/pages\/93"}],"wp:attachment":[{"href":"https:\/\/pol-pat.pl\/index.php\/wp-json\/wp\/v2\/media?parent=182"}],"curies":[{"name":"wp","href":"https:\/\/api.w.org\/{rel}","templated":true}]}}