{"id":178,"date":"2016-08-25T23:28:00","date_gmt":"2016-08-25T21:28:00","guid":{"rendered":"http:\/\/radzimy.webd.pl\/?page_id=178"},"modified":"2025-10-26T19:42:32","modified_gmt":"2025-10-26T18:42:32","slug":"slaski","status":"publish","type":"page","link":"https:\/\/pol-pat.pl\/index.php\/oddzialy\/slaski\/","title":{"rendered":"\u015al\u0105ski"},"content":{"rendered":"<h5><strong>ZARZ\u0104D ODDZIA\u0141U \u015aL\u0104SKIEGO\u00a0 W KADENCJI 2025-2028<\/strong><\/h5>\n<p>\u00a0<\/p>\n<p><strong>PRZEWODNICZ\u0104CY:<\/strong> dr hab. n. med. Ewa Chmielik<\/p>\n<p>ZAST\u0118PCA PRZEWODNICZ\u0104CEGO:\u00a0<\/p>\n<p>SEKRETARZ:\u00a0<\/p>\n<p>SKARBNIK:\u00a0<\/p>\n<p><strong>KOMISJA REWIZYJNA:<\/strong><\/p>\n<p>PRZEWODNICZ\u0104CY:\u00a0<\/p>\n<p>CZ\u0141ONKOWIE:\u00a0<\/p>\n<p><strong>Adres siedziby: <\/strong><\/p>\n<p>ul. Wybrze\u017ce Armii Krajowej 15 \u00a044-100 Gliwice<\/p>\n<p>e-mail: <a href=\"mailto:ewa.chmielik@io.gliwice.pl\">ewa.chmielik@io.gliwice.pl<\/a><\/p>\n<p><a href=\"mailto:slaski@pol-pat.pl\">slaski@pol-pat.pl<\/a><\/p>\n\n\n<p><\/p>\n","protected":false},"excerpt":{"rendered":"<p>ZARZ\u0104D ODDZIA\u0141U \u015aL\u0104SKIEGO\u00a0 W KADENCJI 2025-2028 \u00a0 PRZEWODNICZ\u0104CY: dr hab. n. med. Ewa Chmielik ZAST\u0118PCA PRZEWODNICZ\u0104CEGO:\u00a0 SEKRETARZ:\u00a0 SKARBNIK:\u00a0 KOMISJA REWIZYJNA:<\/p>\n","protected":false},"author":2,"featured_media":0,"parent":93,"menu_order":0,"comment_status":"closed","ping_status":"closed","template":"","meta":{"footnotes":"","_links_to":"","_links_to_target":""},"class_list":["post-178","page","type-page","status-publish","hentry"],"post_mailing_queue_ids":[],"_links":{"self":[{"href":"https:\/\/pol-pat.pl\/index.php\/wp-json\/wp\/v2\/pages\/178","targetHints":{"allow":["GET"]}}],"collection":[{"href":"https:\/\/pol-pat.pl\/index.php\/wp-json\/wp\/v2\/pages"}],"about":[{"href":"https:\/\/pol-pat.pl\/index.php\/wp-json\/wp\/v2\/types\/page"}],"author":[{"embeddable":true,"href":"https:\/\/pol-pat.pl\/index.php\/wp-json\/wp\/v2\/users\/2"}],"replies":[{"embeddable":true,"href":"https:\/\/pol-pat.pl\/index.php\/wp-json\/wp\/v2\/comments?post=178"}],"version-history":[{"count":2,"href":"https:\/\/pol-pat.pl\/index.php\/wp-json\/wp\/v2\/pages\/178\/revisions"}],"predecessor-version":[{"id":10015,"href":"https:\/\/pol-pat.pl\/index.php\/wp-json\/wp\/v2\/pages\/178\/revisions\/10015"}],"up":[{"embeddable":true,"href":"https:\/\/pol-pat.pl\/index.php\/wp-json\/wp\/v2\/pages\/93"}],"wp:attachment":[{"href":"https:\/\/pol-pat.pl\/index.php\/wp-json\/wp\/v2\/media?parent=178"}],"curies":[{"name":"wp","href":"https:\/\/api.w.org\/{rel}","templated":true}]}}