{"id":1341,"date":"2019-02-10T21:06:47","date_gmt":"2019-02-10T20:06:47","guid":{"rendered":"http:\/\/pol-pat.pl\/?page_id=1341"},"modified":"2025-09-11T21:40:51","modified_gmt":"2025-09-11T19:40:51","slug":"licencja-ptp","status":"publish","type":"page","link":"https:\/\/pol-pat.pl\/index.php\/licencja-ptp\/","title":{"rendered":"Licencja PTP"},"content":{"rendered":"\n<p>Szanowne Kole\u017canki i Koledzy<\/p>\n\n\n\n<p>Informujemy, \u017ce proces licencjonowania jest obecnie &nbsp;wci\u0105\u017c prowadzony oraz akceptowany jako element&nbsp;wsparcia budowania jako\u015bci bada\u0144 patomorfologicznych. Proces uzyskiwania licencji ma charakter dobrowolny, ale jest zalecany przez Zarz\u0105d G\u0142\u00f3wny Polskiego Towarzystwa Patolog\u00f3w. Zgodnie z obwieszeniem Ministra Zdrowia (Dz. Urz. Min. Zdrowia 2021 poz 75) licencja PTPat zosta\u0142a uwzgl\u0119dniona w standardach akredytacyjnych w dziale \u201ezarz\u0105dzanie JDP\u201d i posiadanie licencji jest weryfikowane w trakcie przeprowadzanej przez Centrum Monitorowania Jako\u015bci w Ochronie Zdrowia wizyty akredytacyjnej. <\/p>\n\n\n\n<p>W kwestii z\u0142o\u017cenia wniosku prosimy o kontakt z przewodnicz\u0105c\u0105 Komisji:<\/p>\n\n\n\n<p><strong>Prof. dr hab. n. med. Katarzyna Guzi\u0144ska-Ustymowicz<\/strong><\/p>\n\n\n\n<p>Zak\u0142ad Patomorfologii Og\u00f3lnej, Uniwersytet Medyczny w Bia\u0142ymstoku<\/p>\n\n\n\n<p>ul. Waszyngtona 13 15-269 Bia\u0142ystok tel.:(85) 748 59 42<\/p>\n\n\n\n<p>e-mail:&nbsp;<a href=\"mailto:licencje.ptp@gmail.com\" target=\"_blank\" rel=\"noreferrer noopener\">licencje.ptp@gmail.com<\/a><\/p>\n\n\n\n<p><\/p>\n\n\n\n<p><\/p>\n\n\n\n<p><strong>Dokumenty:<\/strong><\/p>\n\n\n\n<p><a href=\"https:\/\/pol-pat.pl\/wp-content\/uploads\/2025\/09\/Regulamin-Komisji-Licencyjnej-PTP-2025.pdf\">Regulamin Komisji Licencyjnej PTPat 2025<\/a><\/p>\n\n\n\n<p><a href=\"https:\/\/pol-pat.pl\/wp-content\/uploads\/2025\/09\/Wniosek-o-udzielenie-licencji-PTPat-ver2025.doc\" data-type=\"URL\" target=\"_blank\" rel=\"noreferrer noopener\">Wniosek o udzielenie licencji PTPat ver 2025<\/a><\/p>\n\n\n\n<p><a href=\"https:\/\/pol-pat.pl\/wp-content\/uploads\/2019\/01\/00_zal1_spis-procedur-w-zak-patomorf_ver2019.01.17.pdf\">Za\u0142\u0105cznik 1 spis procedur w Zak\u0142adzie patomorfologii<\/a><\/p>\n\n\n\n<p><a href=\"https:\/\/pol-pat.pl\/wp-content\/uploads\/2019\/01\/00_zal2_kontrola-jakosci-w-zakladzie-patomorfologii_ver2019_01a.pdf\">Za\u0142\u0105cznik 2 kontrola jako\u015bci w Zak\u0142adzie patomorfologii<\/a><\/p>\n\n\n\n<p><a href=\"https:\/\/pol-pat.pl\/wp-content\/uploads\/2019\/01\/00_zal3_kryteria_stopnie-referencyjnosci_licencjaPTP_ver2019_01a.pdf\">Za\u0142\u0105cznik 3 kryteria stopnie referencyjno\u015bci &#8211; licencja PTP<\/a><\/p>\n\n\n\n<p><a href=\"https:\/\/pol-pat.pl\/wp-content\/uploads\/2019\/01\/00_zal4_limity-obciazenia_licencjePTP_ver2019_01a.pdf\">Za\u0142\u0105cznik 4 limity obci\u0105\u017cenia &#8211; licencja PTP<\/a><\/p>\n","protected":false},"excerpt":{"rendered":"<p>Szanowne Kole\u017canki i Koledzy Informujemy, \u017ce proces licencjonowania jest obecnie &nbsp;wci\u0105\u017c prowadzony oraz akceptowany jako element&nbsp;wsparcia budowania jako\u015bci bada\u0144 patomorfologicznych.<\/p>\n","protected":false},"author":1,"featured_media":0,"parent":0,"menu_order":0,"comment_status":"closed","ping_status":"closed","template":"","meta":{"footnotes":"","_links_to":"","_links_to_target":""},"class_list":["post-1341","page","type-page","status-publish","hentry"],"post_mailing_queue_ids":[],"_links":{"self":[{"href":"https:\/\/pol-pat.pl\/index.php\/wp-json\/wp\/v2\/pages\/1341","targetHints":{"allow":["GET"]}}],"collection":[{"href":"https:\/\/pol-pat.pl\/index.php\/wp-json\/wp\/v2\/pages"}],"about":[{"href":"https:\/\/pol-pat.pl\/index.php\/wp-json\/wp\/v2\/types\/page"}],"author":[{"embeddable":true,"href":"https:\/\/pol-pat.pl\/index.php\/wp-json\/wp\/v2\/users\/1"}],"replies":[{"embeddable":true,"href":"https:\/\/pol-pat.pl\/index.php\/wp-json\/wp\/v2\/comments?post=1341"}],"version-history":[{"count":12,"href":"https:\/\/pol-pat.pl\/index.php\/wp-json\/wp\/v2\/pages\/1341\/revisions"}],"predecessor-version":[{"id":9771,"href":"https:\/\/pol-pat.pl\/index.php\/wp-json\/wp\/v2\/pages\/1341\/revisions\/9771"}],"wp:attachment":[{"href":"https:\/\/pol-pat.pl\/index.php\/wp-json\/wp\/v2\/media?parent=1341"}],"curies":[{"name":"wp","href":"https:\/\/api.w.org\/{rel}","templated":true}]}}