{"id":107,"date":"2016-08-17T20:05:11","date_gmt":"2016-08-17T18:05:11","guid":{"rendered":"http:\/\/radzimy.webd.pl\/?page_id=107"},"modified":"2025-07-03T22:21:08","modified_gmt":"2025-07-03T20:21:08","slug":"zarzad","status":"publish","type":"page","link":"https:\/\/pol-pat.pl\/index.php\/zarzad\/","title":{"rendered":"Zarz\u0105d G\u0142\u00f3wny"},"content":{"rendered":"<h5><strong>Sk\u0142ad Prezydium Zarz\u0105du G\u0142\u00f3wnego Polskiego Towarzystwa Patolog\u00f3w\u00a0<\/strong><strong>w kadencji 2025-2028<\/strong><\/h5>\n<p><strong>Prezes Polskiego Towarzystwa Patolog\u00f3w:<\/strong><\/p>\n<p><strong> prof. dr hab. n. med. Andrzej Mr\u00f3z<\/strong><\/p>\n<p>ul. Schroegera 82<br \/>01-828 Warszawa<br \/>tel: 22-5601-090<br \/>e-mail: <a href=\"mailto:patomor@cmkp.edu.pl\">patomor@cmkp.edu.pl<\/a>, <a href=\"mailto:kzp@cmkp.edu.pl\">kzp@cmkp.edu.pl<\/a><strong><br \/><\/strong><\/p>\n<p><strong>Z-ca Prezesa Polskiego Towarzystwa Patolog\u00f3w:<\/strong><\/p>\n<p>Prof. dr hab. n. med. Katarzyna Guzi\u0144ska-Ustymowicz<\/p>\n<p><strong>Cz\u0142onek Prezydium Polskiego Towarzystwa Patolog\u00f3w:<\/strong><\/p>\n<p>Dr hab. n. med. Rafa\u0142 P\u0119ksa<\/p>\n<p><strong>Sekretarz Polskiego Towarzystwa Patolog\u00f3w:<\/strong><\/p>\n<p>Dr n. med. Piotr Wi\u015bniewski <a href=\"mailto:pwisniewski@pol-pat.pl\">pwisniewski@pol-pat.pl<\/a><\/p>\n<p><strong>Skarbnik Polskiego Towarzystwa Patolog\u00f3w:<\/strong><\/p>\n<p>Prof. dr hab. n. med. Janusz Ry\u015b<\/p>\n<p><strong>Redaktor Naczelna Polish Journal of Pathology:<\/strong><\/p>\n<p>Dr hab. n. med. Prof. Instytutu Anna Szumera-Cie\u0107kiewicz<\/p>\n<p><strong>Prezes elekt Polskiego Towarzystwa Patolog\u00f3w:<\/strong><\/p>\n<p>Prof. dr hab. n. med. Piotr Donizy<\/p>\n<p>\u00a0<\/p>\n<p><strong>Komisja Rewizyjna<\/strong><\/p>\n<p>Prof. dr hab. n.med. Wies\u0142awa Grajkowska<\/p>\n<p>Dr hab. n. med. Elwira Baku\u0142a \u2013 Zalewska<\/p>\n<p>Dr hab. n. med. Prof. Akademii \u015al\u0105skiej Agata Stanek \u2013 Widera<\/p>\n\n\n<p><\/p>\n","protected":false},"excerpt":{"rendered":"<p>Sk\u0142ad Prezydium Zarz\u0105du G\u0142\u00f3wnego Polskiego Towarzystwa Patolog\u00f3w\u00a0w kadencji 2025-2028 Prezes Polskiego Towarzystwa Patolog\u00f3w: prof. dr hab. n. med. Andrzej Mr\u00f3z<\/p>\n","protected":false},"author":2,"featured_media":0,"parent":0,"menu_order":0,"comment_status":"closed","ping_status":"closed","template":"","meta":{"footnotes":"","_links_to":"","_links_to_target":""},"class_list":["post-107","page","type-page","status-publish","hentry"],"post_mailing_queue_ids":[],"_links":{"self":[{"href":"https:\/\/pol-pat.pl\/index.php\/wp-json\/wp\/v2\/pages\/107","targetHints":{"allow":["GET"]}}],"collection":[{"href":"https:\/\/pol-pat.pl\/index.php\/wp-json\/wp\/v2\/pages"}],"about":[{"href":"https:\/\/pol-pat.pl\/index.php\/wp-json\/wp\/v2\/types\/page"}],"author":[{"embeddable":true,"href":"https:\/\/pol-pat.pl\/index.php\/wp-json\/wp\/v2\/users\/2"}],"replies":[{"embeddable":true,"href":"https:\/\/pol-pat.pl\/index.php\/wp-json\/wp\/v2\/comments?post=107"}],"version-history":[{"count":7,"href":"https:\/\/pol-pat.pl\/index.php\/wp-json\/wp\/v2\/pages\/107\/revisions"}],"predecessor-version":[{"id":9571,"href":"https:\/\/pol-pat.pl\/index.php\/wp-json\/wp\/v2\/pages\/107\/revisions\/9571"}],"wp:attachment":[{"href":"https:\/\/pol-pat.pl\/index.php\/wp-json\/wp\/v2\/media?parent=107"}],"curies":[{"name":"wp","href":"https:\/\/api.w.org\/{rel}","templated":true}]}}